{"id":3075,"date":"2025-04-04T13:38:23","date_gmt":"2025-04-04T16:38:23","guid":{"rendered":"https:\/\/exesojoyeria.com\/?post_type=product&#038;p=3075"},"modified":"2025-08-28T19:43:12","modified_gmt":"2025-08-28T22:43:12","slug":"coleccion-ambarasca-colgante-reversible-en-plata-925-y-cds-reciclados-en-colores-de-otono-copia","status":"publish","type":"product","link":"https:\/\/exesojoyeria.com\/en\/product\/coleccion-ambarasca-colgante-reversible-en-plata-925-y-cds-reciclados-en-colores-de-otono-copia\/","title":{"rendered":"Colecci\u00f3n \u00c1mbarasca: Colgante Reversible en Plata 925 Y Cds reciclados, en colores de oto\u00f1o."},"content":{"rendered":"<p><em><strong>La colecci\u00f3n \u00c1mbarasca<\/strong>\u00a0celebra la llegada del oto\u00f1o en Montevideo, una estaci\u00f3n que invita a la transformaci\u00f3n, el cambio y la renovaci\u00f3n, conceptos profundamente conectados con la filosof\u00eda de EXeso \/ Joyer\u00eda Consciente. Inspirada en los colores dorados y verdes que definen el paisaje oto\u00f1al, esta colecci\u00f3n fusiona el c\u00e1lido tono \u00e1mbar con la hojarasca que cubre las calles en esta \u00e9poca del a\u00f1o y la transformaci\u00f3n. Al igual que el oto\u00f1o transforma lo natural, EXeso transforma materiales reciclados en joyas \u00fanicas, creando piezas que no solo reflejan la estaci\u00f3n, sino tambi\u00e9n los valores de la marca: sostenibilidad, creatividad y transformaci\u00f3n.<\/em><\/p>\n<p>El Colgante:<\/p>\n<p>El collar es una pieza \u00fanica y sostenible, con un dije elaborado a partir de peque\u00f1os trozos de CDs reciclados, fundidos y pulidos para lograr un acabado iridiscente. De un lado, presenta tonos verdes p\u00e1lidos con un efecto nacarado, mientras que el reverso es en tonos c\u00e1lidos, permitiendo su uso de ambos lados. Su dise\u00f1o en forma de gota con un recorte ovalado en el centro, atravesado por una barra de plata 925, le da un toque moderno y sofisticado. La fina cadena de plata 925 complementa la pieza, resaltando su elegancia sin restarle protagonismo.<\/p>\n<p>Fue realizado a mano con policarbonato reciclado a partir de cds y dvds transformados. Usamos barnices, pinturas acr\u00edlicas y esmaltes para jugar con las texturas que nacen al trabajar la superficie y transformar el material con calor. La magia del azar se potencia con color, generando piezas irrepetibles.<\/p>\n<p>En EXeso buscamos terminar con el ciclo de \u00faselo y t\u00edrelo y darle una segunda vida a un material com\u00fanmente descartado, creando belleza donde parec\u00eda no haberla.<br \/>\nCada pieza es \u00fanica, nunca vas a encontrar a alguien con la misma pieza.<br \/>\n\u00c9sta pieza de dise\u00f1o puede hacer cualquier outfit \u00fanico y original. Us\u00e1ndola o regal\u00e1ndola puedes ser parte de un cambio en valores y elecciones.<\/p>","protected":false},"excerpt":{"rendered":"<p>Caravanas Intercambiables Lineal<br \/>\nPlata 925 + cds reciclados. 3 alternativas para intercambiar en una opci\u00f3n delicada y para re crear todos los d\u00edas.<\/p>","protected":false},"featured_media":3074,"comment_status":"open","ping_status":"closed","template":"","meta":{"nf_dc_page":"","_vp_format_video_url":"","_vp_image_focal_point":[]},"product_brand":[],"product_cat":[30],"product_tag":[37,35,31,32,38,33,36,34],"class_list":{"0":"post-3075","1":"product","2":"type-product","3":"status-publish","4":"has-post-thumbnail","6":"product_cat-pendientes","7":"product_tag-contemporaryjewelery","8":"product_tag-handmadejewelery","9":"product_tag-hechoenuy","10":"product_tag-joyasdeautor","11":"product_tag-joyeriacontemporanea","12":"product_tag-reciclado","13":"product_tag-slowfashion","14":"product_tag-upcycled","16":"first","17":"instock","18":"sold-individually","19":"shipping-taxable","20":"purchasable","21":"product-type-simple"},"jetpack_sharing_enabled":true,"_links":{"self":[{"href":"https:\/\/exesojoyeria.com\/en\/wp-json\/wp\/v2\/product\/3075","targetHints":{"allow":["GET"]}}],"collection":[{"href":"https:\/\/exesojoyeria.com\/en\/wp-json\/wp\/v2\/product"}],"about":[{"href":"https:\/\/exesojoyeria.com\/en\/wp-json\/wp\/v2\/types\/product"}],"replies":[{"embeddable":true,"href":"https:\/\/exesojoyeria.com\/en\/wp-json\/wp\/v2\/comments?post=3075"}],"wp:featuredmedia":[{"embeddable":true,"href":"https:\/\/exesojoyeria.com\/en\/wp-json\/wp\/v2\/media\/3074"}],"wp:attachment":[{"href":"https:\/\/exesojoyeria.com\/en\/wp-json\/wp\/v2\/media?parent=3075"}],"wp:term":[{"taxonomy":"product_brand","embeddable":true,"href":"https:\/\/exesojoyeria.com\/en\/wp-json\/wp\/v2\/product_brand?post=3075"},{"taxonomy":"product_cat","embeddable":true,"href":"https:\/\/exesojoyeria.com\/en\/wp-json\/wp\/v2\/product_cat?post=3075"},{"taxonomy":"product_tag","embeddable":true,"href":"https:\/\/exesojoyeria.com\/en\/wp-json\/wp\/v2\/product_tag?post=3075"}],"curies":[{"name":"wp","href":"https:\/\/api.w.org\/{rel}","templated":true}]}}