{"id":2941,"date":"2025-04-03T15:26:30","date_gmt":"2025-04-03T18:26:30","guid":{"rendered":"https:\/\/exesojoyeria.com\/?post_type=product&#038;p=2941"},"modified":"2026-03-23T12:16:52","modified_gmt":"2026-03-23T15:16:52","slug":"coleccion-ambarasca-pendientes-intercambiables-rodado-en-plata-925-cobre-y-cds-reciclados-en-colores-calidos","status":"publish","type":"product","link":"https:\/\/exesojoyeria.com\/en\/product\/coleccion-ambarasca-pendientes-intercambiables-rodado-en-plata-925-cobre-y-cds-reciclados-en-colores-calidos\/","title":{"rendered":"Colecci\u00f3n \u00c1mbarasca: Pendientes Intercambiables Rodado en Plata 925, Cobre  Y Cds reciclados, en colores c\u00e1lidos."},"content":{"rendered":"<p><em><strong>La colecci\u00f3n \u00c1mbarasca<\/strong>\u00a0celebra la llegada del oto\u00f1o en Montevideo, una estaci\u00f3n que invita a la transformaci\u00f3n, el cambio y la renovaci\u00f3n, conceptos profundamente conectados con la filosof\u00eda de EXeso \/ Joyer\u00eda Consciente. Inspirada en los colores dorados y verdes que definen el paisaje oto\u00f1al, esta colecci\u00f3n fusiona el c\u00e1lido tono \u00e1mbar con la hojarasca que cubre las calles en esta \u00e9poca del a\u00f1o y la transformaci\u00f3n. Al igual que el oto\u00f1o transforma lo natural, EXeso transforma materiales reciclados en joyas \u00fanicas, creando piezas que no solo reflejan la estaci\u00f3n, sino tambi\u00e9n los valores de la marca: sostenibilidad, creatividad y transformaci\u00f3n.<\/em><\/p>\n<p>Los Pendientes:<\/p>\n<p>Una pieza central de Plata 925 con una pieza intercambiable de Cobre que da brillo al conjunto, se combina con una o varias piezas de policarbonato reciclado. Para dar un toque de color al d\u00eda a d\u00eda o transformarlos en caravanas importantes y que marquen presencia. Joyas intercambiables, piezas que se desarman y arman para crear con lo re creado. Plata 925 + policarbonato reciclado.<\/p>\n<p>Fue realizado a mano con policarbonato reciclado a partir de cds y dvds transformados. Usamos barnices, pinturas acr\u00edlicas y esmaltes para jugar con las texturas que nacen al trabajar la superficie y transformar el material con calor. La magia del azar se potencia con color, generando piezas irrepetibles.<\/p>\n<p>En EXeso buscamos terminar con el ciclo de \u00faselo y t\u00edrelo y darle una segunda vida a un material com\u00fanmente descartado, creando belleza donde parec\u00eda no haberla.<br \/>\nCada pieza es \u00fanica, nunca vas a encontrar a alguien con la misma pieza.<br \/>\n\u00c9sta pieza de dise\u00f1o puede hacer cualquier outfit \u00fanico y original. Us\u00e1ndola o regal\u00e1ndola puedes ser parte de un cambio en valores y elecciones.<\/p>","protected":false},"excerpt":{"rendered":"<p>Caravanas Intercambiables Lineal<br \/>\nPlata 925 + cds reciclados. 3 alternativas para intercambiar en una opci\u00f3n delicada y para re crear todos los d\u00edas.<\/p>","protected":false},"featured_media":2879,"comment_status":"open","ping_status":"closed","template":"","meta":{"nf_dc_page":"","_vp_format_video_url":"","_vp_image_focal_point":[]},"product_brand":[],"product_cat":[30],"product_tag":[37,35,31,32,38,33,36,34],"class_list":{"0":"post-2941","1":"product","2":"type-product","3":"status-publish","4":"has-post-thumbnail","6":"product_cat-pendientes","7":"product_tag-contemporaryjewelery","8":"product_tag-handmadejewelery","9":"product_tag-hechoenuy","10":"product_tag-joyasdeautor","11":"product_tag-joyeriacontemporanea","12":"product_tag-reciclado","13":"product_tag-slowfashion","14":"product_tag-upcycled","16":"first","17":"outofstock","18":"sold-individually","19":"shipping-taxable","20":"purchasable","21":"product-type-simple"},"jetpack_sharing_enabled":true,"_links":{"self":[{"href":"https:\/\/exesojoyeria.com\/en\/wp-json\/wp\/v2\/product\/2941","targetHints":{"allow":["GET"]}}],"collection":[{"href":"https:\/\/exesojoyeria.com\/en\/wp-json\/wp\/v2\/product"}],"about":[{"href":"https:\/\/exesojoyeria.com\/en\/wp-json\/wp\/v2\/types\/product"}],"replies":[{"embeddable":true,"href":"https:\/\/exesojoyeria.com\/en\/wp-json\/wp\/v2\/comments?post=2941"}],"wp:featuredmedia":[{"embeddable":true,"href":"https:\/\/exesojoyeria.com\/en\/wp-json\/wp\/v2\/media\/2879"}],"wp:attachment":[{"href":"https:\/\/exesojoyeria.com\/en\/wp-json\/wp\/v2\/media?parent=2941"}],"wp:term":[{"taxonomy":"product_brand","embeddable":true,"href":"https:\/\/exesojoyeria.com\/en\/wp-json\/wp\/v2\/product_brand?post=2941"},{"taxonomy":"product_cat","embeddable":true,"href":"https:\/\/exesojoyeria.com\/en\/wp-json\/wp\/v2\/product_cat?post=2941"},{"taxonomy":"product_tag","embeddable":true,"href":"https:\/\/exesojoyeria.com\/en\/wp-json\/wp\/v2\/product_tag?post=2941"}],"curies":[{"name":"wp","href":"https:\/\/api.w.org\/{rel}","templated":true}]}}