{"id":2689,"date":"2025-02-14T19:16:47","date_gmt":"2025-02-14T22:16:47","guid":{"rendered":"https:\/\/exesojoyeria.com\/?post_type=product&#038;p=2689"},"modified":"2025-08-28T19:43:23","modified_gmt":"2025-08-28T22:43:23","slug":"pendientes-reversibles-4-en-1-plata-925-y-banners-reciclados-rojo-y-dorado","status":"publish","type":"product","link":"https:\/\/exesojoyeria.com\/en\/product\/pendientes-reversibles-4-en-1-plata-925-y-banners-reciclados-rojo-y-dorado\/","title":{"rendered":"Pendientes Reversibles, 4 en 1, Plata 925 Y banners reciclados, rojo y dorado"},"content":{"rendered":"<p>Una pieza central de plata 925 que da brillo al conjunto, se combina con dos piezas\u00a0 de lona publicitaria reciclada.\u00a0 Joyas reversibles, piezas que se dan vuelta y muestran el color interior, para crear con lo re creado. Plata 925 + lona publicitaria reciclada.<\/p>\n<p>En EXeso buscamos terminar con el ciclo de \u00faselo y t\u00edrelo y darle una segunda vida a un material com\u00fanmente descartado, creando belleza donde parec\u00eda no haberla.<br \/>\nCada pieza es \u00fanica, nunca vas a encontrar a alguien con la misma pieza.<br \/>\n\u00c9sta pieza de dise\u00f1o puede hacer cualquier outfit \u00fanico y original. Us\u00e1ndola o regal\u00e1ndola puedes ser parte de un cambio en valores y elecciones.<\/p>","protected":false},"excerpt":{"rendered":"<p>Caravanas Intercambiables Lineal Lona<br \/>\nPlata 925 + banners reciclados. 4 alternativas para intercambiar en una opci\u00f3n delicada y para re crear todos los d\u00edas.<\/p>","protected":false},"featured_media":2616,"comment_status":"open","ping_status":"closed","template":"","meta":{"nf_dc_page":"","_vp_format_video_url":"","_vp_image_focal_point":[]},"product_brand":[],"product_cat":[30],"product_tag":[37,35,31,32,38,33,36,34],"class_list":{"0":"post-2689","1":"product","2":"type-product","3":"status-publish","4":"has-post-thumbnail","6":"product_cat-pendientes","7":"product_tag-contemporaryjewelery","8":"product_tag-handmadejewelery","9":"product_tag-hechoenuy","10":"product_tag-joyasdeautor","11":"product_tag-joyeriacontemporanea","12":"product_tag-reciclado","13":"product_tag-slowfashion","14":"product_tag-upcycled","16":"first","17":"instock","18":"sold-individually","19":"shipping-taxable","20":"purchasable","21":"product-type-simple"},"jetpack_sharing_enabled":true,"_links":{"self":[{"href":"https:\/\/exesojoyeria.com\/en\/wp-json\/wp\/v2\/product\/2689","targetHints":{"allow":["GET"]}}],"collection":[{"href":"https:\/\/exesojoyeria.com\/en\/wp-json\/wp\/v2\/product"}],"about":[{"href":"https:\/\/exesojoyeria.com\/en\/wp-json\/wp\/v2\/types\/product"}],"replies":[{"embeddable":true,"href":"https:\/\/exesojoyeria.com\/en\/wp-json\/wp\/v2\/comments?post=2689"}],"wp:featuredmedia":[{"embeddable":true,"href":"https:\/\/exesojoyeria.com\/en\/wp-json\/wp\/v2\/media\/2616"}],"wp:attachment":[{"href":"https:\/\/exesojoyeria.com\/en\/wp-json\/wp\/v2\/media?parent=2689"}],"wp:term":[{"taxonomy":"product_brand","embeddable":true,"href":"https:\/\/exesojoyeria.com\/en\/wp-json\/wp\/v2\/product_brand?post=2689"},{"taxonomy":"product_cat","embeddable":true,"href":"https:\/\/exesojoyeria.com\/en\/wp-json\/wp\/v2\/product_cat?post=2689"},{"taxonomy":"product_tag","embeddable":true,"href":"https:\/\/exesojoyeria.com\/en\/wp-json\/wp\/v2\/product_tag?post=2689"}],"curies":[{"name":"wp","href":"https:\/\/api.w.org\/{rel}","templated":true}]}}