{"id":2218,"date":"2023-04-12T11:38:36","date_gmt":"2023-04-12T14:38:36","guid":{"rendered":"https:\/\/exesojoyeria.com\/?post_type=product&#038;p=2218"},"modified":"2025-08-28T19:43:25","modified_gmt":"2025-08-28T22:43:25","slug":"pendientes-de-plata-925-y-materiales-reciclados-brillos-con-texturas-intercambiables-espiral-pastel","status":"publish","type":"product","link":"https:\/\/exesojoyeria.com\/en\/product\/pendientes-de-plata-925-y-materiales-reciclados-brillos-con-texturas-intercambiables-espiral-pastel\/","title":{"rendered":"Pendientes de Aros Plata 925 y materiales reciclados, brillos con texturas en plateado y negro."},"content":{"rendered":"<p>Una aro de plata 925 que da brillo al conjunto, se combina con una o varias piezas de policarbonato reciclado. Para dar un toque de color al d\u00eda a d\u00eda o transformarlos en caravanas importantes y que marquen presencia. Joyas intercambiables, piezas que se desarman y arman para crear con lo re creado. Plata 925 + policarbonato reciclado.<\/p>\n<p>Fue realizado a mano con policarbonato reciclado a partir de cds y dvds transformados. Usamos barnices, pinturas acr\u00edlicas y esmaltes para jugar con las texturas que nacen al trabajar la superficie y transformar el material con calor. La magia del azar se potencia con color, generando piezas irrepetibles.<\/p>\n<p>En EXeso buscamos terminar con el ciclo de \u00faselo y t\u00edrelo y darle una segunda vida a un material com\u00fanmente descartado, creando belleza donde parec\u00eda no haberla.<br \/>\nCada pieza es \u00fanica, nunca vas a encontrar a alguien con la misma pieza.<br \/>\n\u00c9sta pieza de dise\u00f1o puede hacer cualquier outfit \u00fanico y original. Us\u00e1ndola o regal\u00e1ndola puedes ser parte de un cambio en valores y elecciones.<\/p>","protected":false},"excerpt":{"rendered":"<p>Caravanas Intercambiables Espiral<br \/>\nA 925 silver spiral in which the pieces of upcycled CDs and DVDs enter and leave to play with their presence in different levels, showing and hiding. Complementing with the brightness of the piece in silver above them. To create both a minimal and a great piece.<\/p>","protected":false},"featured_media":2627,"comment_status":"open","ping_status":"closed","template":"","meta":{"nf_dc_page":"","_vp_format_video_url":"","_vp_image_focal_point":[]},"product_brand":[],"product_cat":[30],"product_tag":[37,35,31,32,38,33,36,34],"class_list":{"0":"post-2218","1":"product","2":"type-product","3":"status-publish","4":"has-post-thumbnail","6":"product_cat-pendientes","7":"product_tag-contemporaryjewelery","8":"product_tag-handmadejewelery","9":"product_tag-hechoenuy","10":"product_tag-joyasdeautor","11":"product_tag-joyeriacontemporanea","12":"product_tag-reciclado","13":"product_tag-slowfashion","14":"product_tag-upcycled","16":"first","17":"instock","18":"sold-individually","19":"shipping-taxable","20":"purchasable","21":"product-type-simple"},"jetpack_sharing_enabled":true,"_links":{"self":[{"href":"https:\/\/exesojoyeria.com\/en\/wp-json\/wp\/v2\/product\/2218","targetHints":{"allow":["GET"]}}],"collection":[{"href":"https:\/\/exesojoyeria.com\/en\/wp-json\/wp\/v2\/product"}],"about":[{"href":"https:\/\/exesojoyeria.com\/en\/wp-json\/wp\/v2\/types\/product"}],"replies":[{"embeddable":true,"href":"https:\/\/exesojoyeria.com\/en\/wp-json\/wp\/v2\/comments?post=2218"}],"wp:featuredmedia":[{"embeddable":true,"href":"https:\/\/exesojoyeria.com\/en\/wp-json\/wp\/v2\/media\/2627"}],"wp:attachment":[{"href":"https:\/\/exesojoyeria.com\/en\/wp-json\/wp\/v2\/media?parent=2218"}],"wp:term":[{"taxonomy":"product_brand","embeddable":true,"href":"https:\/\/exesojoyeria.com\/en\/wp-json\/wp\/v2\/product_brand?post=2218"},{"taxonomy":"product_cat","embeddable":true,"href":"https:\/\/exesojoyeria.com\/en\/wp-json\/wp\/v2\/product_cat?post=2218"},{"taxonomy":"product_tag","embeddable":true,"href":"https:\/\/exesojoyeria.com\/en\/wp-json\/wp\/v2\/product_tag?post=2218"}],"curies":[{"name":"wp","href":"https:\/\/api.w.org\/{rel}","templated":true}]}}